{"id":350,"date":"2021-03-10T20:52:49","date_gmt":"2021-03-10T19:52:49","guid":{"rendered":"https:\/\/turkhukuk.nl\/?page_id=350"},"modified":"2021-04-06T23:39:28","modified_gmt":"2021-04-06T21:39:28","slug":"genel-islem-sartlari","status":"publish","type":"page","link":"https:\/\/turkhukuk.nl\/nl\/genel-islem-sartlari\/","title":{"rendered":"Genel \u0130\u015flem \u015eartlar\u0131"},"content":{"rendered":"<p>I-<strong>Tan\u0131mlar<\/strong><\/p>\n\n\n\n<p>B\u00fcro: M&amp;M Hukuk B\u00fcrosu<\/p>\n\n\n\n<p>M\u00fcvekkil: \u0130\u015f sahibi<\/p>\n\n\n\n<p>Vekalet \u00fccreti: Yap\u0131lacak i\u015f, y\u00fcr\u00fct\u00fclecek dava veya dan\u0131\u015fmanl\u0131k i\u00e7in avukata \u00f6denen \u00fccret.<\/p>\n\n\n\n<p>Dava har\u00e7 ve masraflar\u0131: Davan\u0131n a\u00e7\u0131lmas\u0131 ve y\u00fcr\u00fct\u00fclmesi s\u0131ras\u0131nda mahkemeye veya ilgili kurum ve ki\u015filere yap\u0131lmas\u0131 gereken \u00f6demeler.<\/p>\n\n\n\n<p>B\u00fcro masraf\u0131: Br\u00fct vekalet \u00fccreti \u00fczerinden hesaplanan b\u00fcronun o i\u015f ile ilgili yapt\u0131\u011f\u0131 posta, ileti\u015fim, k\u0131rtasiye ve benzeri giderler.<\/p>\n\n\n\n<p>II-<strong>Uyumluluk<\/strong><\/p>\n\n\n\n<p>Genel i\u015flem \u015fartlar\u0131 aksi yaz\u0131l\u0131 olarak kararla\u015ft\u0131r\u0131lmad\u0131k\u00e7a \u00fccret s\u00f6zle\u015fmesi dahil her t\u00fcrl\u00fc s\u00f6zle\u015femeye ve i\u015f talimat\u0131na ve dan\u0131\u015fmanl\u0131k hizmetine uygulan\u0131r.<\/p>\n\n\n\n<p>III-<strong>S\u00f6zle\u015fme ve talimat<\/strong><\/p>\n\n\n\n<p>\u00dccret s\u00f6zle\u015fmesi, vekalet s\u00f6zle\u015fmesi, dan\u0131\u015fmanl\u0131k s\u00f6zle\u015fmesi gibi t\u00fcm s\u00f6zle\u015fmeler avukat\u0131n kabul\u00fcnden sonra ge\u00e7erli hale gelir.<\/p>\n\n\n\n<p>M\u00fcvekkil, s\u00f6zle\u015fme ile i\u015fin kendi sorumlulu\u011funda y\u00fcr\u00fct\u00fcld\u00fc\u011f\u00fc kabul eder. Yaz\u0131l\u0131 veya mail yolu ile verilmeyen bir talimat sebebiyle bir i\u015fin yap\u0131lmamas\u0131ndan dolay\u0131 b\u00fcro sorumlu tutulamaz.<\/p>\n\n\n\n<p>S\u00f6zle\u015fme yap\u0131lmayan her t\u00fcrl\u00fc i\u015f ve dan\u0131\u015fmanl\u0131kta en d\u00fc\u015f\u00fck saat \u00fccreti olan 125 euro ex BTw ve ex masraflar \u00fczerinden yap\u0131lan \u00e7al\u0131\u015fma \u00fccretlendirilir.<\/p>\n\n\n\n<p>M\u00fcvekkil i\u015fin ivedilikle yap\u0131lmas\u0131n\u0131 ister ve \u00e7al\u0131\u015fmaya ba\u015flan\u0131rsa sonradan vazge\u00e7me halinde \u00fccretin t\u00fcm\u00fcn\u00fc \u00f6demekle y\u00fck\u00fcml\u00fcd\u00fcr.<\/p>\n\n\n\n<p>IV-<strong>\u00dccretlendirme<\/strong><\/p>\n\n\n\n<p>M\u00fcvekkil, her t\u00fcrl\u00fc masraf\u0131 ve vekalet \u00fccretini zaman\u0131nda \u00f6demekle y\u00fck\u00fcml\u00fcd\u00fcr. &nbsp;Ge\u00e7 \u00f6deme veya hi\u00e7 \u00f6dememe halinde davan\u0131n d\u00fc\u015fmesi, delil hakk\u0131n\u0131n kaybolmas\u0131 veya her t\u00fcrl\u00fc sonu\u00e7 m\u00fcvekkilin sorumlulu\u011fundad\u0131r<\/p>\n\n\n\n<p>\u00dccret veya masraf \u00f6denmedi\u011fi veya zaman\u0131nda \u00f6denmedi\u011fi takdirde avukat\u0131n davaya veya i\u015fe devam etme y\u00fck\u00fcml\u00fcl\u00fc\u011f\u00fc yoktur. \u0130\u015fe veya davaya devam etmemekten do\u011facak her t\u00fcrl\u00fc hukuksal ve ekonomik sonucu m\u00fcvekkil \u00fcstelenir.<\/p>\n\n\n\n<p>Ayr\u0131ca, s\u00f6zle\u015fme imzalan\u0131p i\u015fe ba\u015flama talimat\u0131 verilmi\u015f ve b\u00fcro taraf\u0131ndan i\u015fe ba\u015flan\u0131lm\u0131\u015f ise o i\u015fe tekab\u00fcl eden \u00fccret veya s\u00f6zle\u015fmedeki \u00fccretin tamam\u0131 \u00f6denir.<\/p>\n\n\n\n<p>Aksi \u00fccret s\u00f6zle\u015fmesinde a\u00e7\u0131k\u00e7a d\u00fczenlenmedik\u00e7e \u00fccret s\u00f6zle\u015fmesi sadece yerel mahkemeler i\u00e7in ge\u00e7erlidir ve her t\u00fcrl\u00fc kanun yoluna ve y\u00fcksek mahkemeye ba\u015fvuru, duru\u015fma ve bunlar i\u00e7in gerekli her t\u00fcrl\u00fc masraf ayr\u0131ca \u00f6denir. &nbsp;<\/p>\n\n\n\n<p>B\u00fcro, &nbsp;b\u00fcro &nbsp;ve dava masraflar\u0131 i\u00e7in veya \u00fccret i\u00e7in \u00f6n \u00f6deme isteme hakk\u0131 vard\u0131r. Bu \u00f6deme daha sonraki \u00f6demelerde veya faturaland\u0131rmalarda mahsup edilir.&nbsp;<\/p>\n\n\n\n<p>Her ne kadar har\u00e7 ve masraflar ve gider ile ilgili olarak \u00f6nceden bilgi verilse de beklenmeyen her t\u00fcrl\u00fc masraf veya ek i\u015f \u00fccreti ayr\u0131ca \u00f6denir.<\/p>\n\n\n\n<p>Dava i\u00e7erisinde karar verilen kar\u015f\u0131 avukatl\u0131 \u00fccreti avukatl\u0131 kanunu gere\u011fince b\u00fcronun avukatlar\u0131n\u0131n hakk\u0131d\u0131r ve m\u00fcvekkil bu \u00fccret \u00fczerinde hi\u00e7bir hak talep edemez.<\/p>\n\n\n\n<p>V-<strong>\u00d6deme<\/strong><\/p>\n\n\n\n<p>\u00d6demeler banka yolu ile veya yasal s\u0131n\u0131rlar i\u00e7erisinde nakit olarak yap\u0131labilir.<\/p>\n\n\n\n<p>\u00d6demeler fatura veya bildirim tarihinden itibaren en ge\u00e7 14 g\u00fcn i\u00e7erisinde yap\u0131lmal\u0131d\u0131r.&nbsp; \u00d6demenin hi\u00e7 yap\u0131lmamas\u0131 veya ge\u00e7 yap\u0131lmas\u0131 halinde ek giderler talep edilir.<\/p>\n\n\n\n<p>\u00d6deme i\u00e7in b\u00fcronun i\u015flem yapmas\u0131 gerekti\u011fi takdirde b\u00fcro %10\u2019dan az olmamak \u015fart\u0131 ile faiz i\u015fletebilir.<\/p>\n\n\n\n<p>VI-<strong>Sorumluluk<\/strong><\/p>\n\n\n\n<p>M\u00fcvekkile veya \u00fc\u00e7\u00fcnc\u00fc ki\u015filere kar\u015f\u0131 tazmin edilmesi gereken bir hasar olu\u015ftu\u011fu takdirde b\u00fcronun sorumlulu\u011fu kendisine \u00f6denen \u00fccret kadard\u0131r. Her halde, en fazla mesleki sigortas\u0131n\u0131n \u00f6deyece\u011fi miktar ile s\u0131n\u0131rl\u0131d\u0131r. Ki\u015filerin kendilerinin kar\u015f\u0131lamas\u0131 gereken riziko poli\u00e7ede yer alan \u015fartlara dayan\u0131r.<\/p>\n\n\n\n<p>\u00dc\u00e7\u00fcnc\u00fc ki\u015fi ve kurumlar ile \u00e7al\u0131\u015f\u0131lmas\u0131nda b\u00fcro gerekli \u00f6zeni g\u00f6sterir ancak b\u00fcro \u00fc\u00e7\u00fcnc\u00fc ki\u015fi ve kurumlar\u0131n yetersizliklerinden sorumlu tutulamaz.<\/p>\n\n\n\n<p>VII-<strong>Hukuksal Yard\u0131m<\/strong><\/p>\n\n\n\n<p>B\u00fcro, Hollanda ve T\u00fcrkiye\u2019deki hukuksal yard\u0131m kurumlar\u0131ndan \u00f6deme alarak &nbsp;alarak i\u015f yapmamaktad\u0131r. M\u00fcvekkil, yap\u0131lan i\u015flemin \u00fccretini kendisi \u00f6der.<\/p>\n\n\n\n<p>Sigorta \u015firketlerinin avukat \u00fccret ve masraflar\u0131n\u0131 \u00f6dedi\u011fi durumlarda \u00fccret ve masraflar\u0131n tamam\u0131 veya sigortaca \u00f6denebilen k\u0131sm\u0131 ilgili sigorta \u015firketinden al\u0131n\u0131r. Kalan miktar\u0131 m\u00fcvekkil \u00f6demelidir.<\/p>\n\n\n\n<p>VIII-<strong>Ki\u015fisel Bilgilerin Kullan\u0131lmas\u0131<\/strong><\/p>\n\n\n\n<p>B\u00fcro ile ileti\u015fim kuruldu\u011fu anda verilen ki\u015fisel bilgiler g\u00fcvenli bir \u015fekilde kaydedilir ve yasal olarak mecburi olarak verilmesi gereken kurumlar d\u0131\u015f\u0131nda payla\u015f\u0131lmaz. Ki\u015fisel bilgilerin payla\u015f\u0131lmas\u0131 ile ileti\u015fim, bilgi, b\u00fcro faaliyetleri, tan\u0131t\u0131m veya bildirim gibi sebeplerle b\u00fcromuz taraf\u0131ndan kullan\u0131laca\u011f\u0131 kabul edilmi\u015ftir ve yaz\u0131l\u0131 veya e-posta yolu ile iptal edilinceye kadar bu kullan\u0131m devam eder.<\/p>\n\n\n\n<p>IX-<strong>Uyu\u015fmazl\u0131k ve Yetki<\/strong><\/p>\n\n\n\n<p>Yap\u0131lan i\u015fin ve verilen dan\u0131\u015fmanl\u0131k hizmetinin T\u00fcrk Hukuku ile ilgili olmas\u0131 ve b\u00fcro y\u00f6netiminin ve avukatlar\u0131n\u0131n T\u00fcrkiye Barolar Birli\u011fi\u2019ne ba\u011fl\u0131 olmas\u0131 sebebiyle Hollanda hukuku dahil b\u00fct\u00fcn \u00fclke hukuklar\u0131 uyu\u015fmazl\u0131klara uygulanmaz. Her t\u00fcrl\u00fc uyu\u015fmazl\u0131k halinde uygulanmas\u0131 gereken hukuk T\u00fcrk hukukudur.<\/p>\n\n\n\n<p>Uyu\u015fmazl\u0131klar halinde \u0130stanbul Mahkemeleri yetkilidir. Yaz\u0131l\u0131 olarak dahi ba\u015fkaca hi\u00e7bir \u00fclke veya \u015fehir mahkemeleri yetkili k\u0131l\u0131namaz.<\/p>\n\n\n\n<p>Hi\u00e7bir ulusal veya uluslararas\u0131 hukuka veya ba\u011flama kurallar\u0131na dayan\u0131larak yetkili hukuk veya yetkili mahkeme de\u011fi\u015ftirilemez.<\/p>","protected":false},"excerpt":{"rendered":"<p>I-Tan\u0131mlar B\u00fcro: M&amp;M Hukuk B\u00fcrosu M\u00fcvekkil: \u0130\u015f sahibi Vekalet \u00fccreti: Yap\u0131lacak i\u015f, y\u00fcr\u00fct\u00fclecek dava veya dan\u0131\u015fmanl\u0131k i\u00e7in avukata \u00f6denen \u00fccret. Dava har\u00e7 ve masraflar\u0131: Davan\u0131n a\u00e7\u0131lmas\u0131 ve y\u00fcr\u00fct\u00fclmesi s\u0131ras\u0131nda mahkemeye veya ilgili kurum ve ki\u015filere yap\u0131lmas\u0131 gereken \u00f6demeler. B\u00fcro masraf\u0131: Br\u00fct vekalet \u00fccreti \u00fczerinden hesaplanan b\u00fcronun o i\u015f ile ilgili yapt\u0131\u011f\u0131 posta, ileti\u015fim, k\u0131rtasiye ve [&hellip;]<\/p>","protected":false},"author":1,"featured_media":0,"parent":0,"menu_order":0,"comment_status":"closed","ping_status":"closed","template":"","meta":{"footnotes":""},"tags":[52],"class_list":["post-350","page","type-page","status-publish","hentry","tag-genelislemsartlari"],"_links":{"self":[{"href":"https:\/\/turkhukuk.nl\/nl\/wp-json\/wp\/v2\/pages\/350","targetHints":{"allow":["GET"]}}],"collection":[{"href":"https:\/\/turkhukuk.nl\/nl\/wp-json\/wp\/v2\/pages"}],"about":[{"href":"https:\/\/turkhukuk.nl\/nl\/wp-json\/wp\/v2\/types\/page"}],"author":[{"embeddable":true,"href":"https:\/\/turkhukuk.nl\/nl\/wp-json\/wp\/v2\/users\/1"}],"replies":[{"embeddable":true,"href":"https:\/\/turkhukuk.nl\/nl\/wp-json\/wp\/v2\/comments?post=350"}],"version-history":[{"count":4,"href":"https:\/\/turkhukuk.nl\/nl\/wp-json\/wp\/v2\/pages\/350\/revisions"}],"predecessor-version":[{"id":562,"href":"https:\/\/turkhukuk.nl\/nl\/wp-json\/wp\/v2\/pages\/350\/revisions\/562"}],"wp:attachment":[{"href":"https:\/\/turkhukuk.nl\/nl\/wp-json\/wp\/v2\/media?parent=350"}],"wp:term":[{"taxonomy":"post_tag","embeddable":true,"href":"https:\/\/turkhukuk.nl\/nl\/wp-json\/wp\/v2\/tags?post=350"}],"curies":[{"name":"wp","href":"https:\/\/api.w.org\/{rel}","templated":true}]}}