{"id":389,"date":"2021-03-13T16:27:23","date_gmt":"2021-03-13T15:27:23","guid":{"rendered":"https:\/\/turkhukuk.nl\/?page_id=389"},"modified":"2021-04-06T23:37:34","modified_gmt":"2021-04-06T21:37:34","slug":"calisma-usul-ve-ucret","status":"publish","type":"page","link":"https:\/\/turkhukuk.nl\/nl\/calisma-usul-ve-ucret\/","title":{"rendered":"\u00c7al\u0131\u015fma Usulu ve \u00dccret"},"content":{"rendered":"<p>\u00dcCRET<\/p>\n\n\n\n<p>\u0130\u015fin veya davan\u0131n mahiyetine, ilgilin iste\u011fine g\u00f6re uygun olan \u00fccretlendirme sistemi ile \u00e7al\u0131\u015f\u0131lmaktad\u0131r. \u00d6nemle belirtmek gerekir ki ilgili daha i\u015fin ba\u015flang\u0131c\u0131nda \u00fccret ile ilgili olarak kolay anla\u015f\u0131lan, \u00f6nceden belirlenebilir ve s\u00fcrpriz i\u00e7ermeyen ayr\u0131nt\u0131l\u0131 bilgi almaktad\u0131r.<\/p>\n\n\n\n<p>\u0130lk g\u00f6r\u00fc\u015fmede sadece tan\u0131\u015fma i\u00e7in herhangi bir \u00fccret talep edilmemektedir. Ancak, g\u00f6r\u00fc\u015fme s\u0131ras\u0131nda ilgili, sorunlar\u0131 hakk\u0131nda dan\u0131\u015fmanl\u0131k ve \u00f6zel bilgi istedi\u011fi takdirde ilk g\u00f6r\u00fc\u015fme dahi olsa \u00fccret talep edilmektedir.<\/p>\n\n\n\n<p>A\u015fa\u011f\u0131da \u00fccret ile ilgili genel bilgiler yer almaktad\u0131r. Daha ayr\u0131nt\u0131l\u0131 ve kesin bilgiyi ilk g\u00f6r\u00fc\u015fmede edinebilirsiniz.<\/p>\n\n\n\n<p>1-Saat \u00dccreti<\/p>\n\n\n\n<p>Genel olarak dava dahil b\u00fct\u00fcn \u00e7al\u0131\u015fmalar saat \u00fccreti &nbsp;olarak \u00fccretlendirilmektedir. \u00d6zellikle dan\u0131\u015fmanl\u0131k veya dava konusu olmayan i\u015flemler veya dava d\u0131\u015f\u0131nda yap\u0131lan t\u00fcm i\u015flemler i\u00e7in saat \u00fccreti uygulanmaktad\u0131r.<\/p>\n\n\n\n<p>Saat \u00fccreti genel olarak i\u015fin mahiyetine g\u00f6re en d\u00fc\u015f\u00fck 125 euro ex BTW ile 250 euro ex BTW aras\u0131nda de\u011fi\u015fmektedir.<\/p>\n\n\n\n<p>2-Sabit Fiyat anla\u015fmas\u0131<\/p>\n\n\n\n<p>\u0130\u015fin mahiyetine veya m\u00fcvekkilin talebine g\u00f6re i\u015fin veya davan\u0131n ba\u015flang\u0131c\u0131nda &nbsp;sabit bir \u00fccret anla\u015fmas\u0131 da yap\u0131labilmektedir.<\/p>\n\n\n\n<p>3-Sonuca ba\u011fl\u0131 \u00fccret-no cure- no pay<\/p>\n\n\n\n<p>Bu sistem kanunen yasakt\u0131r. Ancak, davan\u0131n t\u00fcr\u00fcne g\u00f6re risk hesaplamas\u0131 yap\u0131labilmesi halinde &nbsp;no cure-no pay sistemi d\u0131\u015f\u0131nda ba\u015fka \u00fccretlendirme sistemleri uygulanabilir.<\/p>\n\n\n\n<p>4-B\u00fcro Giderleri<\/p>\n\n\n\n<p>Dava veya i\u015fe ili\u015fkin olarak b\u00fcro giderleri ayr\u0131ca \u00fccretlendirilir ve \u00fccret s\u00f6zle\u015fmesinde i\u015fin ve davan\u0131n mahiyetine g\u00f6re bu \u00fccret belirlenir.<\/p>","protected":false},"excerpt":{"rendered":"<p>\u00dcCRET \u0130\u015fin veya davan\u0131n mahiyetine, ilgilin iste\u011fine g\u00f6re uygun olan \u00fccretlendirme sistemi ile \u00e7al\u0131\u015f\u0131lmaktad\u0131r. \u00d6nemle belirtmek gerekir ki ilgili daha i\u015fin ba\u015flang\u0131c\u0131nda \u00fccret ile ilgili olarak kolay anla\u015f\u0131lan, \u00f6nceden belirlenebilir ve s\u00fcrpriz i\u00e7ermeyen ayr\u0131nt\u0131l\u0131 bilgi almaktad\u0131r. \u0130lk g\u00f6r\u00fc\u015fmede sadece tan\u0131\u015fma i\u00e7in herhangi bir \u00fccret talep edilmemektedir. Ancak, g\u00f6r\u00fc\u015fme s\u0131ras\u0131nda ilgili, sorunlar\u0131 hakk\u0131nda dan\u0131\u015fmanl\u0131k ve \u00f6zel [&hellip;]<\/p>","protected":false},"author":1,"featured_media":0,"parent":0,"menu_order":0,"comment_status":"closed","ping_status":"closed","template":"","meta":{"footnotes":""},"tags":[],"class_list":["post-389","page","type-page","status-publish","hentry"],"_links":{"self":[{"href":"https:\/\/turkhukuk.nl\/nl\/wp-json\/wp\/v2\/pages\/389","targetHints":{"allow":["GET"]}}],"collection":[{"href":"https:\/\/turkhukuk.nl\/nl\/wp-json\/wp\/v2\/pages"}],"about":[{"href":"https:\/\/turkhukuk.nl\/nl\/wp-json\/wp\/v2\/types\/page"}],"author":[{"embeddable":true,"href":"https:\/\/turkhukuk.nl\/nl\/wp-json\/wp\/v2\/users\/1"}],"replies":[{"embeddable":true,"href":"https:\/\/turkhukuk.nl\/nl\/wp-json\/wp\/v2\/comments?post=389"}],"version-history":[{"count":5,"href":"https:\/\/turkhukuk.nl\/nl\/wp-json\/wp\/v2\/pages\/389\/revisions"}],"predecessor-version":[{"id":560,"href":"https:\/\/turkhukuk.nl\/nl\/wp-json\/wp\/v2\/pages\/389\/revisions\/560"}],"wp:attachment":[{"href":"https:\/\/turkhukuk.nl\/nl\/wp-json\/wp\/v2\/media?parent=389"}],"wp:term":[{"taxonomy":"post_tag","embeddable":true,"href":"https:\/\/turkhukuk.nl\/nl\/wp-json\/wp\/v2\/tags?post=389"}],"curies":[{"name":"wp","href":"https:\/\/api.w.org\/{rel}","templated":true}]}}