{"id":457,"date":"2021-03-19T21:20:22","date_gmt":"2021-03-19T20:20:22","guid":{"rendered":"https:\/\/turkhukuk.nl\/?page_id=457"},"modified":"2021-05-14T16:18:02","modified_gmt":"2021-05-14T14:18:02","slug":"hukuk","status":"publish","type":"page","link":"https:\/\/turkhukuk.nl\/nl\/hukuk\/","title":{"rendered":"Sivil Hukuk"},"content":{"rendered":"<ul class=\"wp-block-list\"><li>Uluslararas\u0131 Ticaret ve S\u00f6zle\u015fmeler Hukuku<\/li><li><a href=\"https:\/\/turkhukuk.nl\/nl\/tanima-tenfiz-davasi\/\">Yabanc\u0131 Mahkeme Kararlar\u0131n\u0131n Tan\u0131t\u0131lmas\u0131 ve Tenfizi<\/a><\/li><li>Tahkim Hukuku<\/li><li>Gayrimenkul Hukuku<\/li><li><a href=\"https:\/\/turkhukuk.nl\/nl\/aile-hukuku\/\" target=\"_blank\" rel=\"noreferrer noopener\">Aile Hukuku<\/a><\/li><li>Uluslararas\u0131 Alacaklar\u0131n Tahsili Hukuku<\/li><li>Ticaret Hukuku<\/li><li>\u015eirketler Hukuku<\/li><li><a href=\"https:\/\/turkhukuk.nl\/nl\/miras-hukuku\/\">Miras Hukuku<\/a><\/li><li>Sa\u011fl\u0131k ve Tazminat Hukuku<\/li><\/ul>\n\n\n\n<p>Yukar\u0131da ki linkleri t\u0131klayarak faaliyet alanlar\u0131 ile daha fazla bilgi edinebilirsiniz.<\/p>","protected":false},"excerpt":{"rendered":"<p>Uluslararas\u0131 Ticaret ve S\u00f6zle\u015fmeler HukukuYabanc\u0131 Mahkeme Kararlar\u0131n\u0131n Tan\u0131t\u0131lmas\u0131 ve TenfiziTahkim HukukuGayrimenkul HukukuAile HukukuUluslararas\u0131 Alacaklar\u0131n Tahsili HukukuTicaret Hukuku\u015eirketler HukukuMiras HukukuSa\u011fl\u0131k ve Tazminat Hukuku Yukar\u0131da ki linkleri t\u0131klayarak faaliyet alanlar\u0131 ile daha fazla bilgi edinebilirsiniz.<\/p>","protected":false},"author":1,"featured_media":0,"parent":0,"menu_order":0,"comment_status":"closed","ping_status":"closed","template":"","meta":{"footnotes":""},"tags":[],"class_list":["post-457","page","type-page","status-publish","hentry"],"_links":{"self":[{"href":"https:\/\/turkhukuk.nl\/nl\/wp-json\/wp\/v2\/pages\/457","targetHints":{"allow":["GET"]}}],"collection":[{"href":"https:\/\/turkhukuk.nl\/nl\/wp-json\/wp\/v2\/pages"}],"about":[{"href":"https:\/\/turkhukuk.nl\/nl\/wp-json\/wp\/v2\/types\/page"}],"author":[{"embeddable":true,"href":"https:\/\/turkhukuk.nl\/nl\/wp-json\/wp\/v2\/users\/1"}],"replies":[{"embeddable":true,"href":"https:\/\/turkhukuk.nl\/nl\/wp-json\/wp\/v2\/comments?post=457"}],"version-history":[{"count":10,"href":"https:\/\/turkhukuk.nl\/nl\/wp-json\/wp\/v2\/pages\/457\/revisions"}],"predecessor-version":[{"id":631,"href":"https:\/\/turkhukuk.nl\/nl\/wp-json\/wp\/v2\/pages\/457\/revisions\/631"}],"wp:attachment":[{"href":"https:\/\/turkhukuk.nl\/nl\/wp-json\/wp\/v2\/media?parent=457"}],"wp:term":[{"taxonomy":"post_tag","embeddable":true,"href":"https:\/\/turkhukuk.nl\/nl\/wp-json\/wp\/v2\/tags?post=457"}],"curies":[{"name":"wp","href":"https:\/\/api.w.org\/{rel}","templated":true}]}}