{"id":464,"date":"2021-03-19T21:32:51","date_gmt":"2021-03-19T20:32:51","guid":{"rendered":"https:\/\/turkhukuk.nl\/?page_id=464"},"modified":"2021-03-27T10:21:53","modified_gmt":"2021-03-27T09:21:53","slug":"ceza","status":"publish","type":"page","link":"https:\/\/turkhukuk.nl\/nl\/ceza\/","title":{"rendered":"Ceza Hukuku"},"content":{"rendered":"<p class=\"has-medium-font-size\">B\u00fcromuz Ceza Hukuku alan\u0131nda a\u015fa\u011f\u0131da ki konularda avukatl\u0131k ve dan\u0131\u015fmanl\u0131k hizmeti sunmaktad\u0131r.<\/p>\n\n\n\n<ul class=\"wp-block-list\"><li>Uyu\u015fturucu madde ticareti ve kullan\u0131m su\u00e7lar\u0131<\/li><li>Siber Su\u00e7lar ve Sosyal Medya \u00fczerinden i\u015flenen su\u00e7lar<\/li><li>Cinsel taciz su\u00e7lar\u0131<\/li><li>Ticari Su\u00e7lar<\/li><li>Ka\u00e7ak\u00e7\u0131l\u0131k Su\u00e7lar\u0131<\/li><\/ul>\n\n\n\n<p><\/p>","protected":false},"excerpt":{"rendered":"<p>B\u00fcromuz Ceza Hukuku alan\u0131nda a\u015fa\u011f\u0131da ki konularda avukatl\u0131k ve dan\u0131\u015fmanl\u0131k hizmeti sunmaktad\u0131r. Uyu\u015fturucu madde ticareti ve kullan\u0131m su\u00e7lar\u0131Siber Su\u00e7lar ve Sosyal Medya \u00fczerinden i\u015flenen su\u00e7larCinsel taciz su\u00e7lar\u0131Ticari Su\u00e7larKa\u00e7ak\u00e7\u0131l\u0131k Su\u00e7lar\u0131<\/p>","protected":false},"author":1,"featured_media":0,"parent":0,"menu_order":0,"comment_status":"closed","ping_status":"closed","template":"","meta":{"footnotes":""},"tags":[],"class_list":["post-464","page","type-page","status-publish","hentry"],"_links":{"self":[{"href":"https:\/\/turkhukuk.nl\/nl\/wp-json\/wp\/v2\/pages\/464","targetHints":{"allow":["GET"]}}],"collection":[{"href":"https:\/\/turkhukuk.nl\/nl\/wp-json\/wp\/v2\/pages"}],"about":[{"href":"https:\/\/turkhukuk.nl\/nl\/wp-json\/wp\/v2\/types\/page"}],"author":[{"embeddable":true,"href":"https:\/\/turkhukuk.nl\/nl\/wp-json\/wp\/v2\/users\/1"}],"replies":[{"embeddable":true,"href":"https:\/\/turkhukuk.nl\/nl\/wp-json\/wp\/v2\/comments?post=464"}],"version-history":[{"count":29,"href":"https:\/\/turkhukuk.nl\/nl\/wp-json\/wp\/v2\/pages\/464\/revisions"}],"predecessor-version":[{"id":517,"href":"https:\/\/turkhukuk.nl\/nl\/wp-json\/wp\/v2\/pages\/464\/revisions\/517"}],"wp:attachment":[{"href":"https:\/\/turkhukuk.nl\/nl\/wp-json\/wp\/v2\/media?parent=464"}],"wp:term":[{"taxonomy":"post_tag","embeddable":true,"href":"https:\/\/turkhukuk.nl\/nl\/wp-json\/wp\/v2\/tags?post=464"}],"curies":[{"name":"wp","href":"https:\/\/api.w.org\/{rel}","templated":true}]}}