{"id":607,"date":"2021-04-23T18:48:17","date_gmt":"2021-04-23T16:48:17","guid":{"rendered":"https:\/\/turkhukuk.nl\/?page_id=607"},"modified":"2021-04-23T18:58:13","modified_gmt":"2021-04-23T16:58:13","slug":"mm-hukuk-burosu","status":"publish","type":"page","link":"https:\/\/turkhukuk.nl\/nl\/mm-hukuk-burosu\/","title":{"rendered":"Hakk\u0131m\u0131zda"},"content":{"rendered":"<p class=\"has-medium-font-size\"><strong>M&amp;M HUKUK BUROSU<\/strong> , Rotterdam, Amsterdam, Den Haag ve Utrecht \u015fehirlerinde \u015fah\u0131slara ve \u015firketlere Uluslararas\u0131 Hukuk ve T\u00fcrk hukuku ile ilgili avukat\u0131l\u0131k ve dan\u0131\u015fmanl\u0131k hizmeti vermektedir.<\/p>\n\n\n\n<p class=\"has-medium-font-size\">T\u00fcrkiye\u2019ye gitmeye gerek kalmadan bu \u015fehirlerde randevu yap\u0131larak do\u011frudan hukuk hizmeti alman\u0131z m\u00fcmk\u00fcnd\u00fcr. Bunun sonucu olarak bilgiye do\u011frudan eri\u015fim, zamandan ve giderlerden tasarruf b\u00fcromuz ile \u00e7al\u0131\u015fanlar\u0131n ayr\u0131cal\u0131klar\u0131d\u0131r.<\/p>\n\n\n\n<p class=\"has-medium-font-size\">Yakla\u015f\u0131k 20 y\u0131ll\u0131k tecr\u00fcbe ile Uluslararas\u0131 Hukuk ve T\u00fcrkiye\u2019de ki sorunlar\u0131n\u0131n \u00e7\u00f6z\u00fcm\u00fcnde m\u00fcvekkilerin ihtiyac\u0131na \u00f6zel hizmet sunmaktay\u0131z.<\/p>\n\n\n\n<div class=\"wp-block-image\"><figure class=\"aligncenter size-large is-resized\"><img loading=\"lazy\" decoding=\"async\" src=\"https:\/\/turkhukuk.nl\/wp-content\/uploads\/hakkimizdason2.jpg\" alt=\"\" class=\"wp-image-549\" width=\"400\" height=\"320\" srcset=\"https:\/\/turkhukuk.nl\/wp-content\/uploads\/hakkimizdason2.jpg 800w, https:\/\/turkhukuk.nl\/wp-content\/uploads\/hakkimizdason2-300x240.jpg 300w, https:\/\/turkhukuk.nl\/wp-content\/uploads\/hakkimizdason2-768x614.jpg 768w, https:\/\/turkhukuk.nl\/wp-content\/uploads\/hakkimizdason2-16x12.jpg 16w\" sizes=\"auto, (max-width: 400px) 100vw, 400px\" \/><\/figure><\/div>","protected":false},"excerpt":{"rendered":"<p>M&amp;M HUKUK BUROSU , Rotterdam, Amsterdam, Den Haag ve Utrecht \u015fehirlerinde \u015fah\u0131slara ve \u015firketlere Uluslararas\u0131 Hukuk ve T\u00fcrk hukuku ile ilgili avukat\u0131l\u0131k ve dan\u0131\u015fmanl\u0131k hizmeti vermektedir. T\u00fcrkiye\u2019ye gitmeye gerek kalmadan bu \u015fehirlerde randevu yap\u0131larak do\u011frudan hukuk hizmeti alman\u0131z m\u00fcmk\u00fcnd\u00fcr. Bunun sonucu olarak bilgiye do\u011frudan eri\u015fim, zamandan ve giderlerden tasarruf b\u00fcromuz ile \u00e7al\u0131\u015fanlar\u0131n ayr\u0131cal\u0131klar\u0131d\u0131r. Yakla\u015f\u0131k 20 [&hellip;]<\/p>","protected":false},"author":1,"featured_media":0,"parent":0,"menu_order":0,"comment_status":"closed","ping_status":"closed","template":"","meta":{"footnotes":""},"tags":[],"class_list":["post-607","page","type-page","status-publish","hentry"],"_links":{"self":[{"href":"https:\/\/turkhukuk.nl\/nl\/wp-json\/wp\/v2\/pages\/607","targetHints":{"allow":["GET"]}}],"collection":[{"href":"https:\/\/turkhukuk.nl\/nl\/wp-json\/wp\/v2\/pages"}],"about":[{"href":"https:\/\/turkhukuk.nl\/nl\/wp-json\/wp\/v2\/types\/page"}],"author":[{"embeddable":true,"href":"https:\/\/turkhukuk.nl\/nl\/wp-json\/wp\/v2\/users\/1"}],"replies":[{"embeddable":true,"href":"https:\/\/turkhukuk.nl\/nl\/wp-json\/wp\/v2\/comments?post=607"}],"version-history":[{"count":7,"href":"https:\/\/turkhukuk.nl\/nl\/wp-json\/wp\/v2\/pages\/607\/revisions"}],"predecessor-version":[{"id":619,"href":"https:\/\/turkhukuk.nl\/nl\/wp-json\/wp\/v2\/pages\/607\/revisions\/619"}],"wp:attachment":[{"href":"https:\/\/turkhukuk.nl\/nl\/wp-json\/wp\/v2\/media?parent=607"}],"wp:term":[{"taxonomy":"post_tag","embeddable":true,"href":"https:\/\/turkhukuk.nl\/nl\/wp-json\/wp\/v2\/tags?post=607"}],"curies":[{"name":"wp","href":"https:\/\/api.w.org\/{rel}","templated":true}]}}